{"id":32338,"date":"2020-11-09T17:08:29","date_gmt":"2020-11-09T18:08:29","guid":{"rendered":"https:\/\/www.exploresaojorge.com\/planear\/como-chegar-e-partir\/"},"modified":"2020-11-09T17:08:29","modified_gmt":"2020-11-09T18:08:29","slug":"como-chegar-e-partir","status":"publish","type":"page","link":"https:\/\/www.exploresaojorgeisland.com\/en\/planning-the-trip\/como-chegar-e-partir\/","title":{"rendered":"Como Chegar e Partir"},"content":{"rendered":"\t\t<div data-elementor-type=\"wp-page\" data-elementor-id=\"32338\" class=\"elementor elementor-32338\" data-elementor-post-type=\"page\">\n\t\t\t\t\t\t<section class=\"elementor-section elementor-top-section elementor-element elementor-element-75a14aa7 elementor-section-boxed elementor-section-height-default elementor-section-height-default\" data-id=\"75a14aa7\" data-element_type=\"section\" data-e-type=\"section\" id=\"titulo1\" data-settings=\"{&quot;background_background&quot;:&quot;classic&quot;}\">\n\t\t\t\t\t\t<div class=\"elementor-container elementor-column-gap-default\">\n\t\t\t\t\t<div class=\"elementor-column elementor-col-100 elementor-top-column elementor-element elementor-element-4574cfd8\" data-id=\"4574cfd8\" data-element_type=\"column\" data-e-type=\"column\">\n\t\t\t<div class=\"elementor-widget-wrap\">\n\t\t\t\t\t\t\t<\/div>\n\t\t<\/div>\n\t\t\t\t\t<\/div>\n\t\t<\/section>\n\t\t\t\t<section class=\"elementor-section elementor-top-section elementor-element elementor-element-f0ad8cb elementor-section-boxed elementor-section-height-default elementor-section-height-default\" data-id=\"f0ad8cb\" data-element_type=\"section\" data-e-type=\"section\">\n\t\t\t\t\t\t<div class=\"elementor-container elementor-column-gap-default\">\n\t\t\t\t\t<div class=\"elementor-column elementor-col-100 elementor-top-column elementor-element elementor-element-6b24135\" data-id=\"6b24135\" data-element_type=\"column\" data-e-type=\"column\">\n\t\t\t<div class=\"elementor-widget-wrap elementor-element-populated\">\n\t\t\t\t\t\t<div class=\"elementor-element elementor-element-39fa6e4 elementor-widget elementor-widget-heading\" data-id=\"39fa6e4\" data-element_type=\"widget\" data-e-type=\"widget\" data-widget_type=\"heading.default\">\n\t\t\t\t<div class=\"elementor-widget-container\">\n\t\t\t\t\t<h1 class=\"elementor-heading-title elementor-size-default\">Como chegar e partir<\/h1>\t\t\t\t<\/div>\n\t\t\t\t<\/div>\n\t\t\t\t<div class=\"elementor-element elementor-element-1bf6bc9 elementor-widget elementor-widget-text-editor\" data-id=\"1bf6bc9\" data-element_type=\"widget\" data-e-type=\"widget\" data-widget_type=\"text-editor.default\">\n\t\t\t\t<div class=\"elementor-widget-container\">\n\t\t\t\t\t\t\t\t\t<p class=\"p1\">A Ilha de S\u00e3o Jorge disp\u00f5e de um aeroporto dom\u00e9stico e apresenta liga\u00e7\u00f5es regulares de avi\u00e3o, sendo a via a\u00e9rea a forma principal de chegada. Os visitantes podem tamb\u00e9m chegar \u00e0 ilha por liga\u00e7\u00e3o mar\u00edtima, atrav\u00e9s das companhias locais, ou recorrendo \u00e0s empresas mar\u00edtimo-tur\u00edsticas para se deslocar entre as diversas ilhas do grupo central.<\/p><p><\/p>\t\t\t\t\t\t\t\t<\/div>\n\t\t\t\t<\/div>\n\t\t\t\t\t<\/div>\n\t\t<\/div>\n\t\t\t\t\t<\/div>\n\t\t<\/section>\n\t\t\t\t<section class=\"elementor-section elementor-top-section elementor-element elementor-element-851438c elementor-section-boxed elementor-section-height-default elementor-section-height-default\" data-id=\"851438c\" data-element_type=\"section\" data-e-type=\"section\">\n\t\t\t\t\t\t<div class=\"elementor-container elementor-column-gap-default\">\n\t\t\t\t\t<div class=\"elementor-column elementor-col-100 elementor-top-column elementor-element elementor-element-b940405\" data-id=\"b940405\" data-element_type=\"column\" data-e-type=\"column\">\n\t\t\t<div class=\"elementor-widget-wrap elementor-element-populated\">\n\t\t\t\t\t\t<div class=\"elementor-element elementor-element-b2fe525 elementor-widget elementor-widget-heading\" data-id=\"b2fe525\" data-element_type=\"widget\" data-e-type=\"widget\" data-widget_type=\"heading.default\">\n\t\t\t\t<div class=\"elementor-widget-container\">\n\t\t\t\t\t<h2 class=\"elementor-heading-title elementor-size-default\">Ag\u00eancias de viagens locais que podem ajudar na organiza\u00e7\u00e3o da sua viagem<\/h2>\t\t\t\t<\/div>\n\t\t\t\t<\/div>\n\t\t\t\t<div class=\"elementor-element elementor-element-29d9bd4 elementor-widget elementor-widget-text-editor\" data-id=\"29d9bd4\" data-element_type=\"widget\" data-e-type=\"widget\" data-widget_type=\"text-editor.default\">\n\t\t\t\t<div class=\"elementor-widget-container\">\n\t\t\t\t\t\t\t\t\t<p>Elas s\u00e3o a solu\u00e7\u00e3o ideal para reserva de transportes, alojamentos, programas tur\u00edsticos na ilha ou combinados com outras ilhas, entre muito outros servi\u00e7os.<\/p><p><\/p>\t\t\t\t\t\t\t\t<\/div>\n\t\t\t\t<\/div>\n\t\t\t\t<div class=\"elementor-element elementor-element-fbc8491 elementor-widget elementor-widget-shortcode\" data-id=\"fbc8491\" data-element_type=\"widget\" data-e-type=\"widget\" data-widget_type=\"shortcode.default\">\n\t\t\t\t<div class=\"elementor-widget-container\">\n\t\t\t\t\t\t\t<div class=\"elementor-shortcode\"><\/div>\n\t\t\t\t\t\t<\/div>\n\t\t\t\t<\/div>\n\t\t\t\t\t<\/div>\n\t\t<\/div>\n\t\t\t\t\t<\/div>\n\t\t<\/section>\n\t\t\t\t<\/div>\n\t\t","protected":false},"excerpt":{"rendered":"<p>A divers\u00e3o de uma viagem come\u00e7a antes mesmo de se partir para a aventura; come\u00e7a quando come\u00e7amos a planear onde ir, como chegar l\u00e1; o que vamos ver e onde vamos ficar.<\/p>\n","protected":false},"author":2,"featured_media":25076,"parent":37719,"menu_order":0,"comment_status":"closed","ping_status":"closed","template":"elementor_header_footer","meta":{"footnotes":"","_links_to":"","_links_to_target":""},"class_list":["post-32338","page","type-page","status-publish","has-post-thumbnail","hentry"],"_links":{"self":[{"href":"https:\/\/www.exploresaojorgeisland.com\/en\/wp-json\/wp\/v2\/pages\/32338","targetHints":{"allow":["GET"]}}],"collection":[{"href":"https:\/\/www.exploresaojorgeisland.com\/en\/wp-json\/wp\/v2\/pages"}],"about":[{"href":"https:\/\/www.exploresaojorgeisland.com\/en\/wp-json\/wp\/v2\/types\/page"}],"author":[{"embeddable":true,"href":"https:\/\/www.exploresaojorgeisland.com\/en\/wp-json\/wp\/v2\/users\/2"}],"replies":[{"embeddable":true,"href":"https:\/\/www.exploresaojorgeisland.com\/en\/wp-json\/wp\/v2\/comments?post=32338"}],"version-history":[{"count":0,"href":"https:\/\/www.exploresaojorgeisland.com\/en\/wp-json\/wp\/v2\/pages\/32338\/revisions"}],"up":[{"embeddable":true,"href":"https:\/\/www.exploresaojorgeisland.com\/en\/wp-json\/wp\/v2\/pages\/37719"}],"wp:featuredmedia":[{"embeddable":true,"href":"https:\/\/www.exploresaojorgeisland.com\/en\/wp-json\/wp\/v2\/media\/25076"}],"wp:attachment":[{"href":"https:\/\/www.exploresaojorgeisland.com\/en\/wp-json\/wp\/v2\/media?parent=32338"}],"curies":[{"name":"wp","href":"https:\/\/api.w.org\/{rel}","templated":true}]}}