{"id":32363,"date":"2020-11-09T17:09:25","date_gmt":"2020-11-09T18:09:25","guid":{"rendered":"https:\/\/www.exploresaojorge.com\/planear\/acessibilidade\/"},"modified":"2025-05-27T15:18:11","modified_gmt":"2025-05-27T16:18:11","slug":"acessibilidade","status":"publish","type":"page","link":"https:\/\/www.exploresaojorgeisland.com\/en\/planning-the-trip\/acessibilidade\/","title":{"rendered":"S\u00e3o Jorge Accessible"},"content":{"rendered":"\t\t<div data-elementor-type=\"wp-page\" data-elementor-id=\"32363\" class=\"elementor elementor-32363 elementor-78\" data-elementor-post-type=\"page\">\n\t\t\t\t\t\t<section class=\"elementor-section elementor-top-section elementor-element elementor-element-249eb1fa header01 elementor-section-boxed elementor-section-height-default elementor-section-height-default\" data-id=\"249eb1fa\" data-element_type=\"section\" data-e-type=\"section\" data-settings=\"{&quot;background_background&quot;:&quot;classic&quot;}\">\n\t\t\t\t\t\t<div class=\"elementor-container elementor-column-gap-default\">\n\t\t\t\t\t<div class=\"elementor-column elementor-col-100 elementor-top-column elementor-element elementor-element-aa82f42\" data-id=\"aa82f42\" data-element_type=\"column\" data-e-type=\"column\">\n\t\t\t<div class=\"elementor-widget-wrap\">\n\t\t\t\t\t\t\t<\/div>\n\t\t<\/div>\n\t\t\t\t\t<\/div>\n\t\t<\/section>\n\t\t\t\t<section class=\"elementor-section elementor-top-section elementor-element elementor-element-83d3553 elementor-section-boxed elementor-section-height-default elementor-section-height-default\" data-id=\"83d3553\" data-element_type=\"section\" data-e-type=\"section\">\n\t\t\t\t\t\t<div class=\"elementor-container elementor-column-gap-wide\">\n\t\t\t\t\t<div class=\"elementor-column elementor-col-100 elementor-top-column elementor-element elementor-element-07c11d9\" data-id=\"07c11d9\" data-element_type=\"column\" data-e-type=\"column\">\n\t\t\t<div class=\"elementor-widget-wrap elementor-element-populated\">\n\t\t\t\t\t\t<div class=\"elementor-element elementor-element-7109b5b elementor-widget elementor-widget-heading\" data-id=\"7109b5b\" data-element_type=\"widget\" data-e-type=\"widget\" data-widget_type=\"heading.default\">\n\t\t\t\t<div class=\"elementor-widget-container\">\n\t\t\t\t\t<h1 class=\"elementor-heading-title elementor-size-default\">S\u00e3o Jorge Accessible<\/h1>\t\t\t\t<\/div>\n\t\t\t\t<\/div>\n\t\t\t\t<div class=\"elementor-element elementor-element-16db517 sub-titulos elementor-widget elementor-widget-text-editor\" data-id=\"16db517\" data-element_type=\"widget\" data-e-type=\"widget\" data-widget_type=\"text-editor.default\">\n\t\t\t\t<div class=\"elementor-widget-container\">\n\t\t\t\t\t\t\t\t\t<p>Accessible tourism has become a global priority, as demonstrated by the work done by the United Nations through its Sustainable Development Goals.<\/p>\n<p>Making S\u00e3o Jorge an accessible tourist destination for everyone has led to the development of this area on the Explore S\u00e3o Jorge platform, allowing us to better understand the current level of accessibility on the island.<\/p>\n<p>We hope this compilation of information will help tourism operators and agents create accessible programs, and also contribute to visitors who, for any reason, have some type of limitation or difficulty accessing our natural and cultural heritage, ensuring they have the opportunity to enjoy and experience tourism products and services on our island.<\/p>\n\t\t\t\t\t\t\t\t<\/div>\n\t\t\t\t<\/div>\n\t\t\t\t\t<\/div>\n\t\t<\/div>\n\t\t\t\t\t<\/div>\n\t\t<\/section>\n\t\t\t\t<section class=\"elementor-section elementor-top-section elementor-element elementor-element-309feca padding-80 elementor-section-boxed elementor-section-height-default elementor-section-height-default\" data-id=\"309feca\" data-element_type=\"section\" data-e-type=\"section\">\n\t\t\t\t\t\t<div class=\"elementor-container elementor-column-gap-default\">\n\t\t\t\t\t<div class=\"elementor-column elementor-col-100 elementor-top-column elementor-element elementor-element-12d066d\" data-id=\"12d066d\" data-element_type=\"column\" data-e-type=\"column\">\n\t\t\t<div class=\"elementor-widget-wrap elementor-element-populated\">\n\t\t\t\t<div class=\"elementor-element elementor-element-f8e6516 padding e-flex e-con-boxed e-con e-parent\" data-id=\"f8e6516\" data-element_type=\"container\" data-e-type=\"container\">\n\t\t\t\t\t<div class=\"e-con-inner\">\n\t\t\t\t<div class=\"elementor-element elementor-element-adc8f50 elementor-widget elementor-widget-heading\" data-id=\"adc8f50\" data-element_type=\"widget\" data-e-type=\"widget\" data-widget_type=\"heading.default\">\n\t\t\t\t<div class=\"elementor-widget-container\">\n\t\t\t\t\t<h2 class=\"elementor-heading-title elementor-size-default\">Directory of Accessible Locations<\/h2>\t\t\t\t<\/div>\n\t\t\t\t<\/div>\n\t\t\t\t<div class=\"elementor-element elementor-element-84e125a elementor-widget elementor-widget-button\" data-id=\"84e125a\" data-element_type=\"widget\" data-e-type=\"widget\" data-widget_type=\"button.default\">\n\t\t\t\t<div class=\"elementor-widget-container\">\n\t\t\t\t\t\t\t\t\t<div class=\"elementor-button-wrapper\">\n\t\t\t\t\t<a class=\"elementor-button elementor-button-link elementor-size-sm\" href=\"https:\/\/www.exploresaojorgeisland.com\/mapa-interativo\/tags\/acessibilidade\/\">\n\t\t\t\t\t\t<span class=\"elementor-button-content-wrapper\">\n\t\t\t\t\t\t<span class=\"elementor-button-icon\">\n\t\t\t\t<i aria-hidden=\"true\" class=\"fas fa-long-arrow-alt-right\"><\/i>\t\t\t<\/span>\n\t\t\t\t\t\t\t\t\t<span class=\"elementor-button-text\">More Locations<\/span>\n\t\t\t\t\t<\/span>\n\t\t\t\t\t<\/a>\n\t\t\t\t<\/div>\n\t\t\t\t\t\t\t\t<\/div>\n\t\t\t\t<\/div>\n\t\t\t\t\t<\/div>\n\t\t\t\t<\/div>\n\t\t\t\t<div class=\"elementor-element elementor-element-9b067a4 padding-t16  elementor-widget elementor-widget-shortcode\" data-id=\"9b067a4\" data-element_type=\"widget\" data-e-type=\"widget\" id=\"caixa-acessibilidade\" data-widget_type=\"shortcode.default\">\n\t\t\t\t<div class=\"elementor-widget-container\">\n\t\t\t\t\t\t\t<div class=\"elementor-shortcode\"><\/div>\n\t\t\t\t\t\t<\/div>\n\t\t\t\t<\/div>\n\t\t\t\t\t<\/div>\n\t\t<\/div>\n\t\t\t\t\t<\/div>\n\t\t<\/section>\n\t\t\t\t<\/div>\n\t\t","protected":false},"excerpt":{"rendered":"<p>O turismo acess\u00edvel tem vindo a afirmar-se no Mundo como uma prioridade, como \u00e9 o caso do trabalho desenvolvido pelas Na\u00e7\u00f5es Unidas atrav\u00e9s dos seus Objetivos para o Desenvolvimento Sustent\u00e1vel. Tornar S\u00e3o Jorge num destino tur\u00edstico acess\u00edvel para todos, levou ao desenvolvimento desta \u00e1rea na plataforma Explore S\u00e3o Jorge permitindo-nos, assim, perceber o n\u00edvel de [&hellip;]<\/p>\n","protected":false},"author":2,"featured_media":28893,"parent":37719,"menu_order":0,"comment_status":"closed","ping_status":"closed","template":"elementor_header_footer","meta":{"footnotes":"","_links_to":"","_links_to_target":""},"class_list":["post-32363","page","type-page","status-publish","has-post-thumbnail","hentry"],"_links":{"self":[{"href":"https:\/\/www.exploresaojorgeisland.com\/en\/wp-json\/wp\/v2\/pages\/32363","targetHints":{"allow":["GET"]}}],"collection":[{"href":"https:\/\/www.exploresaojorgeisland.com\/en\/wp-json\/wp\/v2\/pages"}],"about":[{"href":"https:\/\/www.exploresaojorgeisland.com\/en\/wp-json\/wp\/v2\/types\/page"}],"author":[{"embeddable":true,"href":"https:\/\/www.exploresaojorgeisland.com\/en\/wp-json\/wp\/v2\/users\/2"}],"replies":[{"embeddable":true,"href":"https:\/\/www.exploresaojorgeisland.com\/en\/wp-json\/wp\/v2\/comments?post=32363"}],"version-history":[{"count":6,"href":"https:\/\/www.exploresaojorgeisland.com\/en\/wp-json\/wp\/v2\/pages\/32363\/revisions"}],"predecessor-version":[{"id":37872,"href":"https:\/\/www.exploresaojorgeisland.com\/en\/wp-json\/wp\/v2\/pages\/32363\/revisions\/37872"}],"up":[{"embeddable":true,"href":"https:\/\/www.exploresaojorgeisland.com\/en\/wp-json\/wp\/v2\/pages\/37719"}],"wp:featuredmedia":[{"embeddable":true,"href":"https:\/\/www.exploresaojorgeisland.com\/en\/wp-json\/wp\/v2\/media\/28893"}],"wp:attachment":[{"href":"https:\/\/www.exploresaojorgeisland.com\/en\/wp-json\/wp\/v2\/media?parent=32363"}],"curies":[{"name":"wp","href":"https:\/\/api.w.org\/{rel}","templated":true}]}}